{"id":5570,"date":"2022-02-03T17:12:20","date_gmt":"2022-02-03T16:12:20","guid":{"rendered":"https:\/\/cobisoft.de\/solicite-una-demostracion-en-vivo-ahora\/"},"modified":"2023-03-07T10:58:17","modified_gmt":"2023-03-07T09:58:17","slug":"solicite-una-demostracion-en-vivo-ahora","status":"publish","type":"page","link":"https:\/\/cobisoft.de\/es\/solicite-una-demostracion-en-vivo-ahora\/","title":{"rendered":"Solicite una demostraci\u00f3n en vivo ahora"},"content":{"rendered":"\t\t<div data-elementor-type=\"wp-page\" data-elementor-id=\"5570\" class=\"elementor elementor-5570 elementor-3197\">\n\t\t\t\t\t\t<section class=\"elementor-section elementor-top-section elementor-element elementor-element-1cf2cfe elementor-section-height-min-height elementor-section-boxed elementor-section-height-default elementor-section-items-middle\" data-id=\"1cf2cfe\" data-element_type=\"section\" data-settings=\"{&quot;background_background&quot;:&quot;classic&quot;}\">\n\t\t\t\t\t\t<div class=\"elementor-container elementor-column-gap-default\">\n\t\t\t\t\t<div class=\"elementor-column elementor-col-100 elementor-top-column elementor-element elementor-element-f973c63\" data-id=\"f973c63\" data-element_type=\"column\">\n\t\t\t<div class=\"elementor-widget-wrap elementor-element-populated\">\n\t\t\t\t\t\t<section class=\"elementor-section elementor-inner-section elementor-element elementor-element-3795471 elementor-section-boxed elementor-section-height-default elementor-section-height-default\" data-id=\"3795471\" data-element_type=\"section\">\n\t\t\t\t\t\t<div class=\"elementor-container elementor-column-gap-default\">\n\t\t\t\t\t<div class=\"elementor-column elementor-col-50 elementor-inner-column elementor-element elementor-element-f49a2ea\" data-id=\"f49a2ea\" data-element_type=\"column\">\n\t\t\t<div class=\"elementor-widget-wrap\">\n\t\t\t\t\t\t\t<\/div>\n\t\t<\/div>\n\t\t\t\t<div class=\"elementor-column elementor-col-50 elementor-inner-column elementor-element elementor-element-0833f1a\" data-id=\"0833f1a\" data-element_type=\"column\">\n\t\t\t<div class=\"elementor-widget-wrap\">\n\t\t\t\t\t\t\t<\/div>\n\t\t<\/div>\n\t\t\t\t\t<\/div>\n\t\t<\/section>\n\t\t\t\t\t<\/div>\n\t\t<\/div>\n\t\t\t\t\t<\/div>\n\t\t<\/section>\n\t\t\t\t<section class=\"elementor-section elementor-top-section elementor-element elementor-element-0c20181 elementor-section-content-top elementor-section-boxed elementor-section-height-default elementor-section-height-default\" data-id=\"0c20181\" data-element_type=\"section\" data-settings=\"{&quot;background_background&quot;:&quot;classic&quot;}\">\n\t\t\t\t\t\t<div class=\"elementor-container elementor-column-gap-wider\">\n\t\t\t\t\t<div class=\"elementor-column elementor-col-50 elementor-top-column elementor-element elementor-element-498f961\" data-id=\"498f961\" data-element_type=\"column\">\n\t\t\t<div class=\"elementor-widget-wrap elementor-element-populated\">\n\t\t\t\t\t\t<div class=\"elementor-element elementor-element-82c9776 elementor-widget elementor-widget-elementskit-heading\" data-id=\"82c9776\" data-element_type=\"widget\" data-widget_type=\"elementskit-heading.default\">\n\t\t\t\t<div class=\"elementor-widget-container\">\n\t\t\t\t\t<div class=\"ekit-wid-con\" ><div class=\"ekit-heading elementskit-section-title-wraper text_left   ekit_heading_tablet-   ekit_heading_mobile-\"><h1 class=\"ekit-heading--title elementskit-section-title \">Ahora <span><span>experimente COBISOFT en acci\u00f3n<\/span><\/span><\/h1><div class=\"ekit_heading_separetor_wraper ekit_heading_elementskit-border-divider ekit-dotted\"><div class=\"elementskit-border-divider ekit-dotted\"><\/div><\/div><\/div><\/div>\t\t\t\t<\/div>\n\t\t\t\t<\/div>\n\t\t\t\t<div class=\"elementor-element elementor-element-fc924f7 elementor-widget elementor-widget-text-editor\" data-id=\"fc924f7\" data-element_type=\"widget\" data-widget_type=\"text-editor.default\">\n\t\t\t\t<div class=\"elementor-widget-container\">\n\t\t\t\t\t\t\t\t\t<p>Descubra por qu\u00e9 los socios y clientes en 92 pa\u00edses de todo el mundo conf\u00edan en los complementos SAP Business One de COBISOFT para lograr un crecimiento rentable para su empresa.<\/p><p>La mejor manera de demostrar que nuestras soluciones lo ayudan a lograr eficiencia, movilidad y un negocio optimizado es mostrarle c\u00f3mo funcionan en una demostraci\u00f3n gratuita. Complete el formulario con sus datos y vea la soluci\u00f3n en acci\u00f3n.<\/p>\t\t\t\t\t\t\t\t<\/div>\n\t\t\t\t<\/div>\n\t\t\t\t\t<\/div>\n\t\t<\/div>\n\t\t\t\t<div class=\"elementor-column elementor-col-50 elementor-top-column elementor-element elementor-element-b4df1c3\" data-id=\"b4df1c3\" data-element_type=\"column\">\n\t\t\t<div class=\"elementor-widget-wrap elementor-element-populated\">\n\t\t\t\t\t\t<section class=\"elementor-section elementor-inner-section elementor-element elementor-element-d7a16d2 elementor-section-boxed elementor-section-height-default elementor-section-height-default\" data-id=\"d7a16d2\" data-element_type=\"section\">\n\t\t\t\t\t\t<div class=\"elementor-container elementor-column-gap-default\">\n\t\t\t\t\t<div class=\"elementor-column elementor-col-100 elementor-inner-column elementor-element elementor-element-3f88ac0\" data-id=\"3f88ac0\" data-element_type=\"column\" data-settings=\"{&quot;background_background&quot;:&quot;gradient&quot;}\">\n\t\t\t<div class=\"elementor-widget-wrap elementor-element-populated\">\n\t\t\t\t\t\t<div class=\"elementor-element elementor-element-580709b elementor-widget elementor-widget-heading\" data-id=\"580709b\" data-element_type=\"widget\" data-widget_type=\"heading.default\">\n\t\t\t\t<div class=\"elementor-widget-container\">\n\t\t\t\t\t<h3 class=\"elementor-heading-title elementor-size-large\">Reg\u00edstrese ahora para una demostraci\u00f3n en vivo<\/h3>\t\t\t\t<\/div>\n\t\t\t\t<\/div>\n\t\t\t\t<div class=\"elementor-element elementor-element-4440485 pp-wpforms-labels-yes pp-wpforms-form-button-custom elementor-widget elementor-widget-pp-wpforms\" data-id=\"4440485\" data-element_type=\"widget\" data-widget_type=\"pp-wpforms.default\">\n\t\t\t\t<div class=\"elementor-widget-container\">\n\t\t\t\t\t\t\t\t\t<div class=\"pp-contact-form pp-wpforms\">\n\t\t\t\t\t\t\t\t\t\t<div class=\"wpforms-container wpforms-container-full\" id=\"wpforms-5493\"><form id=\"wpforms-form-5493\" class=\"wpforms-validate wpforms-form\" data-formid=\"5493\" method=\"post\" enctype=\"multipart\/form-data\" action=\"\/es\/solicite-una-demostracion-en-vivo-ahora\/\" data-token=\"49c84be454f15525a2423e070503b147\" data-token-time=\"1776198737\"><noscript class=\"wpforms-error-noscript\">Por favor, activa JavaScript en tu navegador para completar este formulario.<\/noscript><div class=\"wpforms-field-container\"><div id=\"wpforms-5493-field_9-container\" class=\"wpforms-field wpforms-field-select wpforms-field-select-style-classic\" data-field-id=\"9\"><label class=\"wpforms-field-label\" for=\"wpforms-5493-field_9\">Soluci\u00f3n <span class=\"wpforms-required-label\">*<\/span><\/label><select id=\"wpforms-5493-field_9\" class=\"wpforms-field-medium wpforms-field-required\" name=\"wpforms[fields][9]\" required=\"required\"><option value=\"\" class=\"placeholder\" disabled  selected='selected'>Por favor seleccione<\/option><option value=\"Please Select\" >Please Select<\/option><option value=\"COBI.time - Registro de tiempo del personal\" >COBI.time - Registro de tiempo del personal<\/option><option value=\"COBI.wms - Gesti\u00f3n de almacenes m\u00f3viles\" >COBI.wms - Gesti\u00f3n de almacenes m\u00f3viles<\/option><option value=\"COBI.ppc - Adquisici\u00f3n de datos operativos\" >COBI.ppc - Adquisici\u00f3n de datos operativos<\/option><option value=\"COBI.edi - Intercambio electr\u00f3nico de datos\" >COBI.edi - Intercambio electr\u00f3nico de datos<\/option><option value=\"COBI.msv - Interfaz de datos MSV3\" >COBI.msv - Interfaz de datos MSV3<\/option><\/select><\/div><div id=\"wpforms-5493-field_4-container\" class=\"wpforms-field wpforms-field-text\" data-field-id=\"4\"><label class=\"wpforms-field-label\" for=\"wpforms-5493-field_4\">Nombre de empresa <span class=\"wpforms-required-label\">*<\/span><\/label><input type=\"text\" id=\"wpforms-5493-field_4\" class=\"wpforms-field-medium wpforms-field-required\" name=\"wpforms[fields][4]\" required><\/div><div id=\"wpforms-5493-field_0-container\" class=\"wpforms-field wpforms-field-name\" data-field-id=\"0\"><label class=\"wpforms-field-label\" for=\"wpforms-5493-field_0\">Name <span class=\"wpforms-required-label\">*<\/span><\/label><div class=\"wpforms-field-row wpforms-field-medium\"><div class=\"wpforms-field-row-block wpforms-first wpforms-one-half\"><input type=\"text\" id=\"wpforms-5493-field_0\" class=\"wpforms-field-name-first wpforms-field-required\" name=\"wpforms[fields][0][first]\" placeholder=\"Primer nombre\" required><label for=\"wpforms-5493-field_0\" class=\"wpforms-field-sublabel after wpforms-sublabel-hide\">Nombre<\/label><\/div><div class=\"wpforms-field-row-block wpforms-one-half\"><input type=\"text\" id=\"wpforms-5493-field_0-last\" class=\"wpforms-field-name-last wpforms-field-required\" name=\"wpforms[fields][0][last]\" placeholder=\"Apellido\" required><label for=\"wpforms-5493-field_0-last\" class=\"wpforms-field-sublabel after wpforms-sublabel-hide\">Apellidos<\/label><\/div><\/div><\/div><div id=\"wpforms-5493-field_1-container\" class=\"wpforms-field wpforms-field-email\" data-field-id=\"1\"><label class=\"wpforms-field-label\" for=\"wpforms-5493-field_1\">E-Mail <span class=\"wpforms-required-label\">*<\/span><\/label><input type=\"email\" id=\"wpforms-5493-field_1\" class=\"wpforms-field-medium wpforms-field-required\" name=\"wpforms[fields][1]\" spellcheck=\"false\" required><\/div><div id=\"wpforms-5493-field_12-container\" class=\"wpforms-field wpforms-field-text\" data-field-id=\"12\"><label class=\"wpforms-field-label\" for=\"wpforms-5493-field_12\">N\u00famero de tel\u00e9fono <span class=\"wpforms-required-label\">*<\/span><\/label><input type=\"text\" id=\"wpforms-5493-field_12\" class=\"wpforms-field-medium wpforms-field-required\" name=\"wpforms[fields][12]\" placeholder=\"+49\" required><\/div><div id=\"wpforms-5493-field_5-container\" class=\"wpforms-field wpforms-field-select wpforms-field-select-style-classic\" data-field-id=\"5\"><label class=\"wpforms-field-label\" for=\"wpforms-5493-field_5\">Country <span class=\"wpforms-required-label\">*<\/span><\/label><select id=\"wpforms-5493-field_5\" class=\"wpforms-field-medium wpforms-field-required\" name=\"wpforms[fields][5]\" required=\"required\"><option value=\"Please Select\" >Please Select<\/option><option value=\"Afghanistan\" >Afghanistan<\/option><option value=\"Albania\" >Albania<\/option><option value=\"Algeria\" >Algeria<\/option><option value=\"Andorra\" >Andorra<\/option><option value=\"Angola\" >Angola<\/option><option value=\"Antigua and Barbuda\" >Antigua and Barbuda<\/option><option value=\"Argentina\" >Argentina<\/option><option value=\"Armenia\" >Armenia<\/option><option value=\"Australia\" >Australia<\/option><option value=\"Austria\" >Austria<\/option><option value=\"Azerbaijan\" >Azerbaijan<\/option><option value=\"The Bahamas\" >The Bahamas<\/option><option value=\"Bahrain\" >Bahrain<\/option><option value=\"Bangladesh\" >Bangladesh<\/option><option value=\"Barbados\" >Barbados<\/option><option value=\"Belarus\" >Belarus<\/option><option value=\"Belgium\" >Belgium<\/option><option value=\"Belize\" >Belize<\/option><option value=\"Benin\" >Benin<\/option><option value=\"Bhutan\" >Bhutan<\/option><option value=\"Bolivia\" >Bolivia<\/option><option value=\"Bosnia and Herzegovina\" >Bosnia and Herzegovina<\/option><option value=\"Botswana\" >Botswana<\/option><option value=\"Brazil\" >Brazil<\/option><option value=\"Brunei\" >Brunei<\/option><option value=\"Bulgaria\" >Bulgaria<\/option><option value=\"Burkina Faso\" >Burkina Faso<\/option><option value=\"Burundi\" >Burundi<\/option><option value=\"Cambodia\" >Cambodia<\/option><option value=\"Cameroon\" >Cameroon<\/option><option value=\"Canada\" >Canada<\/option><option value=\"Cape Verde\" >Cape Verde<\/option><option value=\"Central African Republic\" >Central African Republic<\/option><option value=\"Chad\" >Chad<\/option><option value=\"Chile\" >Chile<\/option><option value=\"China\" >China<\/option><option value=\"Colombia\" >Colombia<\/option><option value=\"Comoros\" >Comoros<\/option><option value=\"Congo, Republic of the\" >Congo, Republic of the<\/option><option value=\"Congo, Democratic Republic of the\" >Congo, Democratic Republic of the<\/option><option value=\"Costa Rica\" >Costa Rica<\/option><option value=\"Cote d&#039;Ivoire\" >Cote d&#039;Ivoire<\/option><option value=\"Croatia\" >Croatia<\/option><option value=\"Cuba\" >Cuba<\/option><option value=\"Cyprus\" >Cyprus<\/option><option value=\"Czech Republic\" >Czech Republic<\/option><option value=\"Denmark\" >Denmark<\/option><option value=\"Djibouti\" >Djibouti<\/option><option value=\"Dominica\" >Dominica<\/option><option value=\"Dominican Republic\" >Dominican Republic<\/option><option value=\"East Timor (Timor-Leste)\" >East Timor (Timor-Leste)<\/option><option value=\"Ecuador\" >Ecuador<\/option><option value=\"Egypt\" >Egypt<\/option><option value=\"El Salvador\" >El Salvador<\/option><option value=\"Equatorial Guinea\" >Equatorial Guinea<\/option><option value=\"Eritrea\" >Eritrea<\/option><option value=\"Estonia\" >Estonia<\/option><option value=\"Ethiopia\" >Ethiopia<\/option><option value=\"Fiji\" >Fiji<\/option><option value=\"Finland\" >Finland<\/option><option value=\"France\" >France<\/option><option value=\"Gabon\" >Gabon<\/option><option value=\"The Gambia\" >The Gambia<\/option><option value=\"Georgia\" >Georgia<\/option><option value=\"Germany\" >Germany<\/option><option value=\"Ghana\" >Ghana<\/option><option value=\"Greece\" >Greece<\/option><option value=\"Grenada\" >Grenada<\/option><option value=\"Guatemala\" >Guatemala<\/option><option value=\"Guinea\" >Guinea<\/option><option value=\"Guinea-Bissau\" >Guinea-Bissau<\/option><option value=\"Guyana\" >Guyana<\/option><option value=\"Haiti\" >Haiti<\/option><option value=\"Honduras\" >Honduras<\/option><option value=\"Hungary\" >Hungary<\/option><option value=\"Iceland\" >Iceland<\/option><option value=\"India\" >India<\/option><option value=\"Indonesia\" >Indonesia<\/option><option value=\"Iran\" >Iran<\/option><option value=\"Iraq\" >Iraq<\/option><option value=\"Ireland\" >Ireland<\/option><option value=\"Israel\" >Israel<\/option><option value=\"Italy\" >Italy<\/option><option value=\"Jamaica\" >Jamaica<\/option><option value=\"Japan\" >Japan<\/option><option value=\"Jordan\" >Jordan<\/option><option value=\"Kazakhstan\" >Kazakhstan<\/option><option value=\"Kenya\" >Kenya<\/option><option value=\"Kiribati\" >Kiribati<\/option><option value=\"Korea, North\" >Korea, North<\/option><option value=\"Korea, South\" >Korea, South<\/option><option value=\"Kosovo\" >Kosovo<\/option><option value=\"Kuwait\" >Kuwait<\/option><option value=\"Kyrgyzstan\" >Kyrgyzstan<\/option><option value=\"Laos\" >Laos<\/option><option value=\"Latvia\" >Latvia<\/option><option value=\"Lebanon\" >Lebanon<\/option><option value=\"Lesotho\" >Lesotho<\/option><option value=\"Liberia\" >Liberia<\/option><option value=\"Libya\" >Libya<\/option><option value=\"Liechtenstein\" >Liechtenstein<\/option><option value=\"Lithuania\" >Lithuania<\/option><option value=\"Luxembourg\" >Luxembourg<\/option><option value=\"Macedonia\" >Macedonia<\/option><option value=\"Madagascar\" >Madagascar<\/option><option value=\"Malawi\" >Malawi<\/option><option value=\"Malaysia\" >Malaysia<\/option><option value=\"Maldives\" >Maldives<\/option><option value=\"Mali\" >Mali<\/option><option value=\"Malta\" >Malta<\/option><option value=\"Marshall Islands\" >Marshall Islands<\/option><option value=\"Mauritania\" >Mauritania<\/option><option value=\"Mauritius\" >Mauritius<\/option><option value=\"Mexico\" >Mexico<\/option><option value=\"Micronesia, Federated States of\" >Micronesia, Federated States of<\/option><option value=\"Moldova\" >Moldova<\/option><option value=\"Monaco\" >Monaco<\/option><option value=\"Mongolia\" >Mongolia<\/option><option value=\"Montenegro\" >Montenegro<\/option><option value=\"Morocco\" >Morocco<\/option><option value=\"Mozambique\" >Mozambique<\/option><option value=\"Myanmar (Burma)\" >Myanmar (Burma)<\/option><option value=\"Namibia\" >Namibia<\/option><option value=\"Nauru\" >Nauru<\/option><option value=\"Nepal\" >Nepal<\/option><option value=\"Netherlands\" >Netherlands<\/option><option value=\"New Zealand\" >New Zealand<\/option><option value=\"Nicaragua\" >Nicaragua<\/option><option value=\"Niger\" >Niger<\/option><option value=\"Nigeria\" >Nigeria<\/option><option value=\"Norway\" >Norway<\/option><option value=\"Oman\" >Oman<\/option><option value=\"Pakistan\" >Pakistan<\/option><option value=\"Palau\" >Palau<\/option><option value=\"Panama\" >Panama<\/option><option value=\"Papua New Guinea\" >Papua New Guinea<\/option><option value=\"Paraguay\" >Paraguay<\/option><option value=\"Peru\" >Peru<\/option><option value=\"Philippines\" >Philippines<\/option><option value=\"Poland\" >Poland<\/option><option value=\"Portugal\" >Portugal<\/option><option value=\"Qatar\" >Qatar<\/option><option value=\"Romania\" >Romania<\/option><option value=\"Russia\" >Russia<\/option><option value=\"Rwanda\" >Rwanda<\/option><option value=\"Saint Kitts and Nevis\" >Saint Kitts and Nevis<\/option><option value=\"Saint Lucia\" >Saint Lucia<\/option><option value=\"Saint Vincent and the Grenadines\" >Saint Vincent and the Grenadines<\/option><option value=\"Samoa\" >Samoa<\/option><option value=\"San Marino\" >San Marino<\/option><option value=\"Sao Tome and Principe\" >Sao Tome and Principe<\/option><option value=\"Saudi Arabia\" >Saudi Arabia<\/option><option value=\"Senegal\" >Senegal<\/option><option value=\"Serbia\" >Serbia<\/option><option value=\"Seychelles\" >Seychelles<\/option><option value=\"Sierra Leone\" >Sierra Leone<\/option><option value=\"Singapore\" >Singapore<\/option><option value=\"Slovakia\" >Slovakia<\/option><option value=\"Slovenia\" >Slovenia<\/option><option value=\"Solomon Islands\" >Solomon Islands<\/option><option value=\"Somalia\" >Somalia<\/option><option value=\"South Africa\" >South Africa<\/option><option value=\"South Sudan\" >South Sudan<\/option><option value=\"Spain\" >Spain<\/option><option value=\"Sri Lanka\" >Sri Lanka<\/option><option value=\"Sudan\" >Sudan<\/option><option value=\"Suriname\" >Suriname<\/option><option value=\"Swaziland\" >Swaziland<\/option><option value=\"Sweden\" >Sweden<\/option><option value=\"Switzerland\" >Switzerland<\/option><option value=\"Syria\" >Syria<\/option><option value=\"Taiwan\" >Taiwan<\/option><option value=\"Tajikistan\" >Tajikistan<\/option><option value=\"Tanzania\" >Tanzania<\/option><option value=\"Thailand\" >Thailand<\/option><option value=\"Togo\" >Togo<\/option><option value=\"Tonga\" >Tonga<\/option><option value=\"Trinidad and Tobago\" >Trinidad and Tobago<\/option><option value=\"Tunisia\" >Tunisia<\/option><option value=\"Turkey\" >Turkey<\/option><option value=\"Turkmenistan\" >Turkmenistan<\/option><option value=\"Tuvalu\" >Tuvalu<\/option><option value=\"Uganda\" >Uganda<\/option><option value=\"Ukraine\" >Ukraine<\/option><option value=\"United Arab Emirates\" >United Arab Emirates<\/option><option value=\"United Kingdom\" >United Kingdom<\/option><option value=\"United States of America\" >United States of America<\/option><option value=\"Uruguay\" >Uruguay<\/option><option value=\"Uzbekistan\" >Uzbekistan<\/option><option value=\"Vanuatu\" >Vanuatu<\/option><option value=\"Vatican City (Holy See)\" >Vatican City (Holy See)<\/option><option value=\"Venezuela\" >Venezuela<\/option><option value=\"Vietnam\" >Vietnam<\/option><option value=\"Yemen\" >Yemen<\/option><option value=\"Zambia\" >Zambia<\/option><option value=\"Zimbabwe\" >Zimbabwe<\/option><option value=\"Other\" >Other<\/option><\/select><\/div><div id=\"wpforms-5493-field_7-container\" class=\"wpforms-field wpforms-field-select wpforms-field-select-style-classic\" data-field-id=\"7\"><label class=\"wpforms-field-label\" for=\"wpforms-5493-field_7\">Relaci\u00f3n con COBISOFT <span class=\"wpforms-required-label\">*<\/span><\/label><select id=\"wpforms-5493-field_7\" class=\"wpforms-field-medium wpforms-field-required\" name=\"wpforms[fields][7]\" required=\"required\"><option value=\"\" class=\"placeholder\" disabled  selected='selected'>Por favor seleccione<\/option><option value=\"Cliente\" >Cliente<\/option><option value=\"Compa\u00f1ero\" >Compa\u00f1ero<\/option><option value=\"Perspectiva\" >Perspectiva<\/option><\/select><\/div><div id=\"wpforms-5493-field_11-container\" class=\"wpforms-field wpforms-field-checkbox\" data-field-id=\"11\"><label class=\"wpforms-field-label\">Protecci\u00f3n de Datos <span class=\"wpforms-required-label\">*<\/span><\/label><ul id=\"wpforms-5493-field_11\" class=\"wpforms-field-required\"><li class=\"choice-1 depth-1\"><input type=\"checkbox\" id=\"wpforms-5493-field_11_1\" name=\"wpforms[fields][11][]\" value=\"Acepto la normativa de protecci\u00f3n de datos y acepto que los empleados de COBISOFT GmbH se pongan en contacto conmigo y que mis datos se recopilen, procesen y utilicen en este contexto.\" required ><label class=\"wpforms-field-label-inline\" for=\"wpforms-5493-field_11_1\">Acepto la normativa de protecci\u00f3n de datos y acepto que los empleados de COBISOFT GmbH se pongan en contacto conmigo y que mis datos se recopilen, procesen y utilicen en este contexto.<\/label><\/li><\/ul><div class=\"wpforms-field-description\">Lea nuestra declaraci\u00f3n de protecci\u00f3n de datos para obtener m\u00e1s informaci\u00f3n en https:\/\/cobisoft.de\/en\/privacy-policy\/<\/div><\/div><\/div><!-- .wpforms-field-container --><div class=\"wpforms-recaptcha-container wpforms-is-recaptcha wpforms-is-recaptcha-type-v2\" ><div class=\"g-recaptcha\" data-sitekey=\"6LdioO0aAAAAAKl1JejbqoxJH-bmPS_4YiDE04t5\"><\/div><input type=\"text\" name=\"g-recaptcha-hidden\" class=\"wpforms-recaptcha-hidden\" style=\"position:absolute!important;clip:rect(0,0,0,0)!important;height:1px!important;width:1px!important;border:0!important;overflow:hidden!important;padding:0!important;margin:0!important;\" data-rule-recaptcha=\"1\"><\/div><div class=\"wpforms-submit-container\" ><input type=\"hidden\" name=\"wpforms[id]\" value=\"5493\"><input type=\"hidden\" name=\"page_title\" value=\"Solicite una demostraci\u00f3n en vivo ahora\"><input type=\"hidden\" name=\"page_url\" value=\"https:\/\/cobisoft.de\/es\/solicite-una-demostracion-en-vivo-ahora\/\"><input type=\"hidden\" name=\"page_id\" value=\"5570\"><input type=\"hidden\" name=\"wpforms[post_id]\" value=\"5570\"><button type=\"submit\" name=\"wpforms[submit]\" id=\"wpforms-submit-5493\" class=\"wpforms-submit\" data-alt-text=\"enviando...\" data-submit-text=\"Solicitar demostraci\u00f3n ahora\" aria-live=\"assertive\" value=\"wpforms-submit\">Solicitar demostraci\u00f3n ahora<\/button><\/div><\/form><\/div>  <!-- .wpforms-container -->\t\t\t\t<\/div>\n\t\t\t\t\t\t\t\t<\/div>\n\t\t\t\t<\/div>\n\t\t\t\t\t<\/div>\n\t\t<\/div>\n\t\t\t\t\t<\/div>\n\t\t<\/section>\n\t\t\t\t\t<\/div>\n\t\t<\/div>\n\t\t\t\t\t<\/div>\n\t\t<\/section>\n\t\t\t\t<section class=\"elementor-section elementor-top-section elementor-element elementor-element-a828274 elementor-section-boxed elementor-section-height-default elementor-section-height-default\" data-id=\"a828274\" data-element_type=\"section\">\n\t\t\t\t\t\t<div class=\"elementor-container elementor-column-gap-default\">\n\t\t\t\t\t\t<\/div>\n\t\t<\/section>\n\t\t\t\t<\/div>\n\t\t","protected":false},"excerpt":{"rendered":"<p>Ahora experimente COBISOFT en acci\u00f3n Descubra por qu\u00e9 los socios y clientes en 92 pa\u00edses de todo el mundo conf\u00edan en los complementos SAP Business One de COBISOFT para lograr&hellip;&nbsp;<a href=\"https:\/\/cobisoft.de\/es\/solicite-una-demostracion-en-vivo-ahora\/\" rel=\"bookmark\">Leer m\u00e1s &raquo;<span class=\"screen-reader-text\">Solicite una demostraci\u00f3n en vivo ahora<\/span><\/a><\/p>\n","protected":false},"author":1,"featured_media":0,"parent":0,"menu_order":0,"comment_status":"closed","ping_status":"closed","template":"page-templates\/template-pagebuilder-full-width.php","meta":{"neve_meta_sidebar":"","neve_meta_container":"","neve_meta_enable_content_width":"","neve_meta_content_width":70,"neve_meta_title_alignment":"","neve_meta_author_avatar":"","neve_post_elements_order":"","neve_meta_disable_header":"","neve_meta_disable_footer":"","neve_meta_disable_title":"","footnotes":""},"class_list":["post-5570","page","type-page","status-publish","hentry"],"_links":{"self":[{"href":"https:\/\/cobisoft.de\/es\/wp-json\/wp\/v2\/pages\/5570","targetHints":{"allow":["GET"]}}],"collection":[{"href":"https:\/\/cobisoft.de\/es\/wp-json\/wp\/v2\/pages"}],"about":[{"href":"https:\/\/cobisoft.de\/es\/wp-json\/wp\/v2\/types\/page"}],"author":[{"embeddable":true,"href":"https:\/\/cobisoft.de\/es\/wp-json\/wp\/v2\/users\/1"}],"replies":[{"embeddable":true,"href":"https:\/\/cobisoft.de\/es\/wp-json\/wp\/v2\/comments?post=5570"}],"version-history":[{"count":7,"href":"https:\/\/cobisoft.de\/es\/wp-json\/wp\/v2\/pages\/5570\/revisions"}],"predecessor-version":[{"id":7426,"href":"https:\/\/cobisoft.de\/es\/wp-json\/wp\/v2\/pages\/5570\/revisions\/7426"}],"wp:attachment":[{"href":"https:\/\/cobisoft.de\/es\/wp-json\/wp\/v2\/media?parent=5570"}],"curies":[{"name":"wp","href":"https:\/\/api.w.org\/{rel}","templated":true}]}}